{"id":6,"date":"2023-02-03T11:23:23","date_gmt":"2023-02-03T11:23:23","guid":{"rendered":"https:\/\/192.168.10.205\/?page_id=6"},"modified":"2023-07-25T12:11:25","modified_gmt":"2023-07-25T12:11:25","slug":"location-de-bureaux-equipesa","status":"publish","type":"page","link":"https:\/\/www.neobusinessoffices.com\/","title":{"rendered":"Location de bureaux \u00e9quip\u00e9s"},"content":{"rendered":"\t\t<div data-elementor-type=\"wp-page\" data-elementor-id=\"6\" class=\"elementor elementor-6\">\n\t\t\t\t\t\t\t\t\t<section class=\"elementor-section elementor-top-section elementor-element elementor-element-78419fa elementor-section-boxed elementor-section-height-default elementor-section-height-default\" data-id=\"78419fa\" data-element_type=\"section\">\n\t\t\t\t\t\t<div class=\"elementor-container elementor-column-gap-default\">\n\t\t\t\t\t<div class=\"elementor-column elementor-col-100 elementor-top-column elementor-element elementor-element-4227b4d\" data-id=\"4227b4d\" data-element_type=\"column\">\n\t\t\t<div class=\"elementor-widget-wrap elementor-element-populated\">\n\t\t\t\t\t\t\t\t<div class=\"elementor-element elementor-element-bdd45f7 elementor-widget elementor-widget-text-editor\" data-id=\"bdd45f7\" data-element_type=\"widget\" data-widget_type=\"text-editor.default\">\n\t\t\t\t<div class=\"elementor-widget-container\">\n\t\t\t<style>\/*! elementor - v3.10.2 - 29-01-2023 *\/\n.elementor-widget-text-editor.elementor-drop-cap-view-stacked .elementor-drop-cap{background-color:#818a91;color:#fff}.elementor-widget-text-editor.elementor-drop-cap-view-framed .elementor-drop-cap{color:#818a91;border:3px solid;background-color:transparent}.elementor-widget-text-editor:not(.elementor-drop-cap-view-default) .elementor-drop-cap{margin-top:8px}.elementor-widget-text-editor:not(.elementor-drop-cap-view-default) .elementor-drop-cap-letter{width:1em;height:1em}.elementor-widget-text-editor .elementor-drop-cap{float:left;text-align:center;line-height:1;font-size:50px}.elementor-widget-text-editor .elementor-drop-cap-letter{display:inline-block}<\/style>\t\t\t\t<h2>Nous vous proposons un espace de travail confortable \u00e0 Provins, \u00e0 500m du centre-ville.<\/h2>\t\t\t\t\t\t<\/div>\n\t\t\t\t<\/div>\n\t\t\t\t\t<\/div>\n\t\t<\/div>\n\t\t\t\t\t\t\t<\/div>\n\t\t<\/section>\n\t\t\t\t<section class=\"elementor-section elementor-top-section elementor-element elementor-element-0017c42 elementor-section-boxed elementor-section-height-default elementor-section-height-default\" data-id=\"0017c42\" data-element_type=\"section\">\n\t\t\t\t\t\t<div class=\"elementor-container elementor-column-gap-default\">\n\t\t\t\t\t<div class=\"elementor-column elementor-col-100 elementor-top-column elementor-element elementor-element-798969e\" data-id=\"798969e\" data-element_type=\"column\">\n\t\t\t<div class=\"elementor-widget-wrap elementor-element-populated\">\n\t\t\t\t\t\t\t\t<section class=\"elementor-section elementor-inner-section elementor-element elementor-element-90637ae elementor-section-boxed elementor-section-height-default elementor-section-height-default\" data-id=\"90637ae\" data-element_type=\"section\">\n\t\t\t\t\t\t<div class=\"elementor-container elementor-column-gap-default\">\n\t\t\t\t\t<div class=\"elementor-column elementor-col-50 elementor-inner-column elementor-element elementor-element-37f6447\" data-id=\"37f6447\" data-element_type=\"column\">\n\t\t\t<div class=\"elementor-widget-wrap elementor-element-populated\">\n\t\t\t\t\t\t\t\t<div class=\"elementor-element elementor-element-d006a12 elementor-invisible elementor-widget elementor-widget-image\" data-id=\"d006a12\" data-element_type=\"widget\" data-settings=\"{&quot;_animation&quot;:&quot;slideInLeft&quot;}\" data-widget_type=\"image.default\">\n\t\t\t\t<div class=\"elementor-widget-container\">\n\t\t\t<style>\/*! elementor - v3.10.2 - 29-01-2023 *\/\n.elementor-widget-image{text-align:center}.elementor-widget-image a{display:inline-block}.elementor-widget-image a img[src$=\".svg\"]{width:48px}.elementor-widget-image img{vertical-align:middle;display:inline-block}<\/style>\t\t\t\t\t\t\t\t\t\t\t\t<img decoding=\"async\" width=\"800\" height=\"598\" src=\"https:\/\/www.neobusinessoffices.com\/wp-content\/uploads\/NBO-Ottawa-2-1024x766.jpg\" class=\"attachment-large size-large wp-image-69\" alt=\"\" loading=\"lazy\" srcset=\"https:\/\/www.neobusinessoffices.com\/wp-content\/uploads\/NBO-Ottawa-2-1024x766.jpg 1024w, https:\/\/www.neobusinessoffices.com\/wp-content\/uploads\/NBO-Ottawa-2-300x225.jpg 300w, https:\/\/www.neobusinessoffices.com\/wp-content\/uploads\/NBO-Ottawa-2-768x575.jpg 768w, https:\/\/www.neobusinessoffices.com\/wp-content\/uploads\/NBO-Ottawa-2-1536x1150.jpg 1536w, https:\/\/www.neobusinessoffices.com\/wp-content\/uploads\/NBO-Ottawa-2-2048x1533.jpg 2048w\" sizes=\"(max-width: 800px) 100vw, 800px\" \/>\t\t\t\t\t\t\t\t\t\t\t\t\t\t\t<\/div>\n\t\t\t\t<\/div>\n\t\t\t\t\t<\/div>\n\t\t<\/div>\n\t\t\t\t<div class=\"elementor-column elementor-col-50 elementor-inner-column elementor-element elementor-element-1fe9034\" data-id=\"1fe9034\" data-element_type=\"column\">\n\t\t\t<div class=\"elementor-widget-wrap elementor-element-populated\">\n\t\t\t\t\t\t\t\t<div class=\"elementor-element elementor-element-485309b elementor-widget elementor-widget-text-editor\" data-id=\"485309b\" data-element_type=\"widget\" data-widget_type=\"text-editor.default\">\n\t\t\t\t<div class=\"elementor-widget-container\">\n\t\t\t\t\t\t\t<p>RDC: Bureau simple OTTAWA de 12m2<\/p><p>Prix HT mensuel (charges comprises)\u00a0 \u00a0460 \u20ac HT\u00a0 \u00a0 552 \u20ac TTC<\/p><p>\u2022 Meubl\u00e9 1 bureau 2 chaises<br \/>\u2022 Acc\u00e8s s\u00e9curis\u00e9 au b\u00e2timent via badge<br \/>\u2022 Double acc\u00e8s internet fibre s\u00e9curis\u00e9 et redondance 4G, par c\u00e2ble et wifi<br \/>\u2022 Climatisation<br \/>\u2022 Chauffage<br \/>\u2022 Sanitaires communs<br \/>\u2022 Acc\u00e8s salle commune non exclusif<br \/>\u2022 Acc\u00e8s au parking mutualis\u00e9<br \/>\u2022 Charges: \u00e9lectricit\u00e9, eau, m\u00e9nage des parties communes, taxes (Foncier, TSB).<\/p>\t\t\t\t\t\t<\/div>\n\t\t\t\t<\/div>\n\t\t\t\t<div class=\"elementor-element elementor-element-2159814 elementor-button-info elementor-align-center elementor-widget elementor-widget-button\" data-id=\"2159814\" data-element_type=\"widget\" data-widget_type=\"button.default\">\n\t\t\t\t<div class=\"elementor-widget-container\">\n\t\t\t\t\t<div class=\"elementor-button-wrapper\">\n\t\t\t<a href=\"#\" class=\"elementor-button-link elementor-button elementor-size-sm\" role=\"button\">\n\t\t\t\t\t\t<span class=\"elementor-button-content-wrapper\">\n\t\t\t\t\t\t<span class=\"elementor-button-text\">Plus de d\u00e9tails<\/span>\n\t\t<\/span>\n\t\t\t\t\t<\/a>\n\t\t<\/div>\n\t\t\t\t<\/div>\n\t\t\t\t<\/div>\n\t\t\t\t\t<\/div>\n\t\t<\/div>\n\t\t\t\t\t\t\t<\/div>\n\t\t<\/section>\n\t\t\t\t\t<\/div>\n\t\t<\/div>\n\t\t\t\t\t\t\t<\/div>\n\t\t<\/section>\n\t\t\t\t<section class=\"elementor-section elementor-top-section elementor-element elementor-element-7d27c25 elementor-section-boxed elementor-section-height-default elementor-section-height-default\" data-id=\"7d27c25\" data-element_type=\"section\">\n\t\t\t\t\t\t<div class=\"elementor-container elementor-column-gap-default\">\n\t\t\t\t\t<div class=\"elementor-column elementor-col-50 elementor-top-column elementor-element elementor-element-7ecfbf6\" data-id=\"7ecfbf6\" data-element_type=\"column\">\n\t\t\t<div class=\"elementor-widget-wrap elementor-element-populated\">\n\t\t\t\t\t\t\t\t<div class=\"elementor-element elementor-element-439c781 elementor-widget elementor-widget-text-editor\" data-id=\"439c781\" data-element_type=\"widget\" data-widget_type=\"text-editor.default\">\n\t\t\t\t<div class=\"elementor-widget-container\">\n\t\t\t\t\t\t\t<p>Bureau simple Vancouver<\/p>\t\t\t\t\t\t<\/div>\n\t\t\t\t<\/div>\n\t\t\t\t\t<\/div>\n\t\t<\/div>\n\t\t\t\t<div class=\"elementor-column elementor-col-50 elementor-top-column elementor-element elementor-element-e094629\" data-id=\"e094629\" data-element_type=\"column\">\n\t\t\t<div class=\"elementor-widget-wrap elementor-element-populated\">\n\t\t\t\t\t\t\t\t<section class=\"elementor-section elementor-inner-section elementor-element elementor-element-a39b73b elementor-section-boxed elementor-section-height-default elementor-section-height-default\" data-id=\"a39b73b\" data-element_type=\"section\">\n\t\t\t\t\t\t<div class=\"elementor-container elementor-column-gap-default\">\n\t\t\t\t\t<div class=\"elementor-column elementor-col-100 elementor-inner-column elementor-element elementor-element-d703419\" data-id=\"d703419\" data-element_type=\"column\">\n\t\t\t<div class=\"elementor-widget-wrap elementor-element-populated\">\n\t\t\t\t\t\t\t\t<div class=\"elementor-element elementor-element-f23de5d elementor-widget elementor-widget-image\" data-id=\"f23de5d\" data-element_type=\"widget\" data-widget_type=\"image.default\">\n\t\t\t\t<div class=\"elementor-widget-container\">\n\t\t\t\t\t\t\t\t\t\t\t\t\t\t\t<img decoding=\"async\" width=\"800\" height=\"598\" src=\"https:\/\/www.neobusinessoffices.com\/wp-content\/uploads\/NBO-Vancouver-1-1024x766.jpg\" class=\"attachment-large size-large wp-image-109\" alt=\"\" loading=\"lazy\" srcset=\"https:\/\/www.neobusinessoffices.com\/wp-content\/uploads\/NBO-Vancouver-1-1024x766.jpg 1024w, https:\/\/www.neobusinessoffices.com\/wp-content\/uploads\/NBO-Vancouver-1-300x225.jpg 300w, https:\/\/www.neobusinessoffices.com\/wp-content\/uploads\/NBO-Vancouver-1-768x575.jpg 768w, https:\/\/www.neobusinessoffices.com\/wp-content\/uploads\/NBO-Vancouver-1-1536x1150.jpg 1536w, https:\/\/www.neobusinessoffices.com\/wp-content\/uploads\/NBO-Vancouver-1-2048x1533.jpg 2048w\" sizes=\"(max-width: 800px) 100vw, 800px\" \/>\t\t\t\t\t\t\t\t\t\t\t\t\t\t\t<\/div>\n\t\t\t\t<\/div>\n\t\t\t\t\t<\/div>\n\t\t<\/div>\n\t\t\t\t\t\t\t<\/div>\n\t\t<\/section>\n\t\t\t\t\t<\/div>\n\t\t<\/div>\n\t\t\t\t\t\t\t<\/div>\n\t\t<\/section>\n\t\t\t\t<section class=\"elementor-section elementor-top-section elementor-element elementor-element-48c4b45 elementor-section-boxed elementor-section-height-default elementor-section-height-default\" data-id=\"48c4b45\" data-element_type=\"section\">\n\t\t\t\t\t\t<div class=\"elementor-container elementor-column-gap-default\">\n\t\t\t\t\t<div class=\"elementor-column elementor-col-50 elementor-top-column elementor-element elementor-element-f5297d5\" data-id=\"f5297d5\" data-element_type=\"column\">\n\t\t\t<div class=\"elementor-widget-wrap elementor-element-populated\">\n\t\t\t\t\t\t\t\t<div class=\"elementor-element elementor-element-3c20949 elementor-widget elementor-widget-image\" data-id=\"3c20949\" data-element_type=\"widget\" data-widget_type=\"image.default\">\n\t\t\t\t<div class=\"elementor-widget-container\">\n\t\t\t\t\t\t\t\t\t\t\t\t\t\t\t<img decoding=\"async\" width=\"800\" height=\"451\" src=\"https:\/\/www.neobusinessoffices.com\/wp-content\/uploads\/NBO-Vegas-5-1024x577.jpg\" class=\"attachment-large size-large wp-image-115\" alt=\"\" loading=\"lazy\" srcset=\"https:\/\/www.neobusinessoffices.com\/wp-content\/uploads\/NBO-Vegas-5-1024x577.jpg 1024w, https:\/\/www.neobusinessoffices.com\/wp-content\/uploads\/NBO-Vegas-5-300x169.jpg 300w, https:\/\/www.neobusinessoffices.com\/wp-content\/uploads\/NBO-Vegas-5-768x432.jpg 768w, https:\/\/www.neobusinessoffices.com\/wp-content\/uploads\/NBO-Vegas-5-1536x865.jpg 1536w, https:\/\/www.neobusinessoffices.com\/wp-content\/uploads\/NBO-Vegas-5-2048x1153.jpg 2048w\" sizes=\"(max-width: 800px) 100vw, 800px\" \/>\t\t\t\t\t\t\t\t\t\t\t\t\t\t\t<\/div>\n\t\t\t\t<\/div>\n\t\t\t\t\t<\/div>\n\t\t<\/div>\n\t\t\t\t<div class=\"elementor-column elementor-col-50 elementor-top-column elementor-element elementor-element-974d0f8\" data-id=\"974d0f8\" data-element_type=\"column\">\n\t\t\t<div class=\"elementor-widget-wrap elementor-element-populated\">\n\t\t\t\t\t\t\t\t<div class=\"elementor-element elementor-element-366e73b elementor-widget elementor-widget-text-editor\" data-id=\"366e73b\" data-element_type=\"widget\" data-widget_type=\"text-editor.default\">\n\t\t\t\t<div class=\"elementor-widget-container\">\n\t\t\t\t\t\t\t<p>Bureau simple Vegas<\/p>\t\t\t\t\t\t<\/div>\n\t\t\t\t<\/div>\n\t\t\t\t\t<\/div>\n\t\t<\/div>\n\t\t\t\t\t\t\t<\/div>\n\t\t<\/section>\n\t\t\t\t<section class=\"elementor-section elementor-top-section elementor-element elementor-element-56dd6ea elementor-section-boxed elementor-section-height-default elementor-section-height-default\" data-id=\"56dd6ea\" data-element_type=\"section\">\n\t\t\t\t\t\t<div class=\"elementor-container elementor-column-gap-default\">\n\t\t\t\t\t<div class=\"elementor-column elementor-col-50 elementor-top-column elementor-element elementor-element-172b4d3\" data-id=\"172b4d3\" data-element_type=\"column\">\n\t\t\t<div class=\"elementor-widget-wrap elementor-element-populated\">\n\t\t\t\t\t\t\t\t<div class=\"elementor-element elementor-element-ace8f1f elementor-widget elementor-widget-text-editor\" data-id=\"ace8f1f\" data-element_type=\"widget\" data-widget_type=\"text-editor.default\">\n\t\t\t\t<div class=\"elementor-widget-container\">\n\t\t\t\t\t\t\t<p>Bureau simple Toronto<\/p>\t\t\t\t\t\t<\/div>\n\t\t\t\t<\/div>\n\t\t\t\t\t<\/div>\n\t\t<\/div>\n\t\t\t\t<div class=\"elementor-column elementor-col-50 elementor-top-column elementor-element elementor-element-dc6fcbd\" data-id=\"dc6fcbd\" data-element_type=\"column\">\n\t\t\t<div class=\"elementor-widget-wrap elementor-element-populated\">\n\t\t\t\t\t\t\t\t<div class=\"elementor-element elementor-element-79b05dd elementor-widget elementor-widget-image\" data-id=\"79b05dd\" data-element_type=\"widget\" data-widget_type=\"image.default\">\n\t\t\t\t<div class=\"elementor-widget-container\">\n\t\t\t\t\t\t\t\t\t\t\t\t\t\t\t<img decoding=\"async\" width=\"800\" height=\"598\" src=\"https:\/\/www.neobusinessoffices.com\/wp-content\/uploads\/NBO-Toronto-2-1024x766.jpg\" class=\"attachment-large size-large wp-image-107\" alt=\"\" loading=\"lazy\" srcset=\"https:\/\/www.neobusinessoffices.com\/wp-content\/uploads\/NBO-Toronto-2-1024x766.jpg 1024w, https:\/\/www.neobusinessoffices.com\/wp-content\/uploads\/NBO-Toronto-2-300x225.jpg 300w, https:\/\/www.neobusinessoffices.com\/wp-content\/uploads\/NBO-Toronto-2-768x575.jpg 768w, https:\/\/www.neobusinessoffices.com\/wp-content\/uploads\/NBO-Toronto-2-1536x1150.jpg 1536w, https:\/\/www.neobusinessoffices.com\/wp-content\/uploads\/NBO-Toronto-2-2048x1533.jpg 2048w\" sizes=\"(max-width: 800px) 100vw, 800px\" \/>\t\t\t\t\t\t\t\t\t\t\t\t\t\t\t<\/div>\n\t\t\t\t<\/div>\n\t\t\t\t\t<\/div>\n\t\t<\/div>\n\t\t\t\t\t\t\t<\/div>\n\t\t<\/section>\n\t\t\t\t<section class=\"elementor-section elementor-top-section elementor-element elementor-element-04fe6cf elementor-section-boxed elementor-section-height-default elementor-section-height-default\" data-id=\"04fe6cf\" data-element_type=\"section\">\n\t\t\t\t\t\t<div class=\"elementor-container elementor-column-gap-default\">\n\t\t\t\t\t<div class=\"elementor-column elementor-col-50 elementor-top-column elementor-element elementor-element-13ce24a\" data-id=\"13ce24a\" data-element_type=\"column\">\n\t\t\t<div class=\"elementor-widget-wrap elementor-element-populated\">\n\t\t\t\t\t\t\t\t<div class=\"elementor-element elementor-element-e356d19 elementor-widget elementor-widget-image\" data-id=\"e356d19\" data-element_type=\"widget\" data-widget_type=\"image.default\">\n\t\t\t\t<div class=\"elementor-widget-container\">\n\t\t\t\t\t\t\t\t\t\t\t\t\t\t\t<img decoding=\"async\" width=\"800\" height=\"451\" src=\"https:\/\/www.neobusinessoffices.com\/wp-content\/uploads\/NBO-Dallas-4-1024x577.jpg\" class=\"attachment-large size-large wp-image-83\" alt=\"\" loading=\"lazy\" srcset=\"https:\/\/www.neobusinessoffices.com\/wp-content\/uploads\/NBO-Dallas-4-1024x577.jpg 1024w, https:\/\/www.neobusinessoffices.com\/wp-content\/uploads\/NBO-Dallas-4-300x169.jpg 300w, https:\/\/www.neobusinessoffices.com\/wp-content\/uploads\/NBO-Dallas-4-768x432.jpg 768w, https:\/\/www.neobusinessoffices.com\/wp-content\/uploads\/NBO-Dallas-4-1536x865.jpg 1536w, https:\/\/www.neobusinessoffices.com\/wp-content\/uploads\/NBO-Dallas-4-2048x1153.jpg 2048w\" sizes=\"(max-width: 800px) 100vw, 800px\" \/>\t\t\t\t\t\t\t\t\t\t\t\t\t\t\t<\/div>\n\t\t\t\t<\/div>\n\t\t\t\t\t<\/div>\n\t\t<\/div>\n\t\t\t\t<div class=\"elementor-column elementor-col-50 elementor-top-column elementor-element elementor-element-4a916c8\" data-id=\"4a916c8\" data-element_type=\"column\">\n\t\t\t<div class=\"elementor-widget-wrap elementor-element-populated\">\n\t\t\t\t\t\t\t\t<div class=\"elementor-element elementor-element-61bab95 elementor-widget elementor-widget-text-editor\" data-id=\"61bab95\" data-element_type=\"widget\" data-widget_type=\"text-editor.default\">\n\t\t\t\t<div class=\"elementor-widget-container\">\n\t\t\t\t\t\t\t<p>Bureau simple Dallas<\/p>\t\t\t\t\t\t<\/div>\n\t\t\t\t<\/div>\n\t\t\t\t\t<\/div>\n\t\t<\/div>\n\t\t\t\t\t\t\t<\/div>\n\t\t<\/section>\n\t\t\t\t<section class=\"elementor-section elementor-top-section elementor-element elementor-element-1f00070 elementor-section-boxed elementor-section-height-default elementor-section-height-default\" data-id=\"1f00070\" data-element_type=\"section\">\n\t\t\t\t\t\t<div class=\"elementor-container elementor-column-gap-default\">\n\t\t\t\t\t<div class=\"elementor-column elementor-col-50 elementor-top-column elementor-element elementor-element-a061c7c\" data-id=\"a061c7c\" data-element_type=\"column\">\n\t\t\t<div class=\"elementor-widget-wrap elementor-element-populated\">\n\t\t\t\t\t\t\t\t<div class=\"elementor-element elementor-element-6c8e2ea elementor-widget elementor-widget-text-editor\" data-id=\"6c8e2ea\" data-element_type=\"widget\" data-widget_type=\"text-editor.default\">\n\t\t\t\t<div class=\"elementor-widget-container\">\n\t\t\t\t\t\t\t<p>Bureau simple Manhattan<\/p>\t\t\t\t\t\t<\/div>\n\t\t\t\t<\/div>\n\t\t\t\t\t<\/div>\n\t\t<\/div>\n\t\t\t\t<div class=\"elementor-column elementor-col-50 elementor-top-column elementor-element elementor-element-f963942\" data-id=\"f963942\" data-element_type=\"column\">\n\t\t\t<div class=\"elementor-widget-wrap elementor-element-populated\">\n\t\t\t\t\t\t\t\t<div class=\"elementor-element elementor-element-f727657 elementor-widget elementor-widget-image\" data-id=\"f727657\" data-element_type=\"widget\" data-widget_type=\"image.default\">\n\t\t\t\t<div class=\"elementor-widget-container\">\n\t\t\t\t\t\t\t\t\t\t\t\t\t\t\t<img decoding=\"async\" width=\"800\" height=\"598\" src=\"https:\/\/www.neobusinessoffices.com\/wp-content\/uploads\/NBO-Manhattan-4-1024x766.jpg\" class=\"attachment-large size-large wp-image-91\" alt=\"\" loading=\"lazy\" srcset=\"https:\/\/www.neobusinessoffices.com\/wp-content\/uploads\/NBO-Manhattan-4-1024x766.jpg 1024w, https:\/\/www.neobusinessoffices.com\/wp-content\/uploads\/NBO-Manhattan-4-300x225.jpg 300w, https:\/\/www.neobusinessoffices.com\/wp-content\/uploads\/NBO-Manhattan-4-768x575.jpg 768w, https:\/\/www.neobusinessoffices.com\/wp-content\/uploads\/NBO-Manhattan-4-1536x1150.jpg 1536w, https:\/\/www.neobusinessoffices.com\/wp-content\/uploads\/NBO-Manhattan-4-2048x1533.jpg 2048w\" sizes=\"(max-width: 800px) 100vw, 800px\" \/>\t\t\t\t\t\t\t\t\t\t\t\t\t\t\t<\/div>\n\t\t\t\t<\/div>\n\t\t\t\t\t<\/div>\n\t\t<\/div>\n\t\t\t\t\t\t\t<\/div>\n\t\t<\/section>\n\t\t\t\t<section class=\"elementor-section elementor-top-section elementor-element elementor-element-7682fbf elementor-section-boxed elementor-section-height-default elementor-section-height-default\" data-id=\"7682fbf\" data-element_type=\"section\">\n\t\t\t\t\t\t<div class=\"elementor-container elementor-column-gap-default\">\n\t\t\t\t\t<div class=\"elementor-column elementor-col-50 elementor-top-column elementor-element elementor-element-76944fa\" data-id=\"76944fa\" data-element_type=\"column\">\n\t\t\t<div class=\"elementor-widget-wrap elementor-element-populated\">\n\t\t\t\t\t\t\t\t<div class=\"elementor-element elementor-element-a9f4862 elementor-widget elementor-widget-image\" data-id=\"a9f4862\" data-element_type=\"widget\" data-widget_type=\"image.default\">\n\t\t\t\t<div class=\"elementor-widget-container\">\n\t\t\t\t\t\t\t\t\t\t\t\t\t\t\t<img decoding=\"async\" width=\"766\" height=\"1024\" src=\"https:\/\/www.neobusinessoffices.com\/wp-content\/uploads\/NBO-Montreal-1-766x1024.jpg\" class=\"attachment-large size-large wp-image-92\" alt=\"\" loading=\"lazy\" srcset=\"https:\/\/www.neobusinessoffices.com\/wp-content\/uploads\/NBO-Montreal-1-766x1024.jpg 766w, https:\/\/www.neobusinessoffices.com\/wp-content\/uploads\/NBO-Montreal-1-225x300.jpg 225w, https:\/\/www.neobusinessoffices.com\/wp-content\/uploads\/NBO-Montreal-1-768x1026.jpg 768w, https:\/\/www.neobusinessoffices.com\/wp-content\/uploads\/NBO-Montreal-1-1150x1536.jpg 1150w, https:\/\/www.neobusinessoffices.com\/wp-content\/uploads\/NBO-Montreal-1-1533x2048.jpg 1533w, https:\/\/www.neobusinessoffices.com\/wp-content\/uploads\/NBO-Montreal-1-scaled.jpg 1916w\" sizes=\"(max-width: 766px) 100vw, 766px\" \/>\t\t\t\t\t\t\t\t\t\t\t\t\t\t\t<\/div>\n\t\t\t\t<\/div>\n\t\t\t\t\t<\/div>\n\t\t<\/div>\n\t\t\t\t<div class=\"elementor-column elementor-col-50 elementor-top-column elementor-element elementor-element-d578fcf\" data-id=\"d578fcf\" data-element_type=\"column\">\n\t\t\t<div class=\"elementor-widget-wrap elementor-element-populated\">\n\t\t\t\t\t\t\t\t<div class=\"elementor-element elementor-element-2f1a167 elementor-widget elementor-widget-text-editor\" data-id=\"2f1a167\" data-element_type=\"widget\" data-widget_type=\"text-editor.default\">\n\t\t\t\t<div class=\"elementor-widget-container\">\n\t\t\t\t\t\t\t<p>Bureau simple Montreal<\/p>\t\t\t\t\t\t<\/div>\n\t\t\t\t<\/div>\n\t\t\t\t\t<\/div>\n\t\t<\/div>\n\t\t\t\t\t\t\t<\/div>\n\t\t<\/section>\n\t\t\t\t<section class=\"elementor-section elementor-top-section elementor-element elementor-element-68da856 elementor-section-boxed elementor-section-height-default elementor-section-height-default\" data-id=\"68da856\" data-element_type=\"section\">\n\t\t\t\t\t\t<div class=\"elementor-container elementor-column-gap-default\">\n\t\t\t\t\t<div class=\"elementor-column elementor-col-50 elementor-top-column elementor-element elementor-element-79f48f0\" data-id=\"79f48f0\" data-element_type=\"column\">\n\t\t\t<div class=\"elementor-widget-wrap elementor-element-populated\">\n\t\t\t\t\t\t\t\t<div class=\"elementor-element elementor-element-dd74958 elementor-widget elementor-widget-text-editor\" data-id=\"dd74958\" data-element_type=\"widget\" data-widget_type=\"text-editor.default\">\n\t\t\t\t<div class=\"elementor-widget-container\">\n\t\t\t\t\t\t\t<p>Bureau simple Boston<br><\/p>\t\t\t\t\t\t<\/div>\n\t\t\t\t<\/div>\n\t\t\t\t\t<\/div>\n\t\t<\/div>\n\t\t\t\t<div class=\"elementor-column elementor-col-50 elementor-top-column elementor-element elementor-element-71d4173\" data-id=\"71d4173\" data-element_type=\"column\">\n\t\t\t<div class=\"elementor-widget-wrap elementor-element-populated\">\n\t\t\t\t\t\t\t\t<div class=\"elementor-element elementor-element-0ecfd8d elementor-widget elementor-widget-image\" data-id=\"0ecfd8d\" data-element_type=\"widget\" data-widget_type=\"image.default\">\n\t\t\t\t<div class=\"elementor-widget-container\">\n\t\t\t\t\t\t\t\t\t\t\t\t\t\t\t<img decoding=\"async\" width=\"800\" height=\"598\" src=\"https:\/\/www.neobusinessoffices.com\/wp-content\/uploads\/NBO-Boston-2-1024x766.jpg\" class=\"attachment-large size-large wp-image-79\" alt=\"\" loading=\"lazy\" srcset=\"https:\/\/www.neobusinessoffices.com\/wp-content\/uploads\/NBO-Boston-2-1024x766.jpg 1024w, https:\/\/www.neobusinessoffices.com\/wp-content\/uploads\/NBO-Boston-2-300x225.jpg 300w, https:\/\/www.neobusinessoffices.com\/wp-content\/uploads\/NBO-Boston-2-768x575.jpg 768w, https:\/\/www.neobusinessoffices.com\/wp-content\/uploads\/NBO-Boston-2-1536x1150.jpg 1536w, https:\/\/www.neobusinessoffices.com\/wp-content\/uploads\/NBO-Boston-2-2048x1533.jpg 2048w\" sizes=\"(max-width: 800px) 100vw, 800px\" \/>\t\t\t\t\t\t\t\t\t\t\t\t\t\t\t<\/div>\n\t\t\t\t<\/div>\n\t\t\t\t\t<\/div>\n\t\t<\/div>\n\t\t\t\t\t\t\t<\/div>\n\t\t<\/section>\n\t\t\t\t\t\t\t<\/div>\n\t\t","protected":false},"excerpt":{"rendered":"<p>Nous vous proposons un espace de travail confortable \u00e0 Provins, \u00e0 500m du centre-ville. RDC: Bureau simple OTTAWA de 12m2 Prix HT mensuel (charges comprises)\u00a0 \u00a0460 \u20ac HT\u00a0 \u00a0 552 \u20ac TTC \u2022 Meubl\u00e9 1 bureau 2 chaises\u2022 Acc\u00e8s s\u00e9curis\u00e9 au b\u00e2timent via badge\u2022 Double acc\u00e8s internet fibre s\u00e9curis\u00e9 et redondance 4G, par c\u00e2ble et [&hellip;]<\/p>\n","protected":false},"author":1,"featured_media":0,"parent":0,"menu_order":0,"comment_status":"closed","ping_status":"closed","template":"","meta":[],"_links":{"self":[{"href":"https:\/\/www.neobusinessoffices.com\/index.php?rest_route=\/wp\/v2\/pages\/6"}],"collection":[{"href":"https:\/\/www.neobusinessoffices.com\/index.php?rest_route=\/wp\/v2\/pages"}],"about":[{"href":"https:\/\/www.neobusinessoffices.com\/index.php?rest_route=\/wp\/v2\/types\/page"}],"author":[{"embeddable":true,"href":"https:\/\/www.neobusinessoffices.com\/index.php?rest_route=\/wp\/v2\/users\/1"}],"replies":[{"embeddable":true,"href":"https:\/\/www.neobusinessoffices.com\/index.php?rest_route=%2Fwp%2Fv2%2Fcomments&post=6"}],"version-history":[{"count":26,"href":"https:\/\/www.neobusinessoffices.com\/index.php?rest_route=\/wp\/v2\/pages\/6\/revisions"}],"predecessor-version":[{"id":119,"href":"https:\/\/www.neobusinessoffices.com\/index.php?rest_route=\/wp\/v2\/pages\/6\/revisions\/119"}],"wp:attachment":[{"href":"https:\/\/www.neobusinessoffices.com\/index.php?rest_route=%2Fwp%2Fv2%2Fmedia&parent=6"}],"curies":[{"name":"wp","href":"https:\/\/api.w.org\/{rel}","templated":true}]}}